{"id":2578,"date":"2024-03-20T20:53:25","date_gmt":"2024-03-20T20:53:25","guid":{"rendered":"https:\/\/xclip.mskrdev.com\/videos\/"},"modified":"2024-05-25T20:00:09","modified_gmt":"2024-05-25T20:00:09","slug":"videos","status":"publish","type":"page","link":"https:\/\/xclip.mskrdev.com\/fr\/videos\/","title":{"rendered":"Videos"},"content":{"rendered":"\t\t<div data-elementor-type=\"wp-page\" data-elementor-id=\"2578\" class=\"elementor elementor-2578 elementor-464\" data-elementor-post-type=\"page\">\n\t\t\t\t<div class=\"elementor-element elementor-element-bd092a5 e-flex e-con-boxed e-con e-parent\" data-id=\"bd092a5\" data-element_type=\"container\" data-settings=\"{&quot;background_background&quot;:&quot;classic&quot;}\">\n\t\t\t\t\t<div class=\"e-con-inner\">\n\t\t<div class=\"elementor-element elementor-element-cec505e e-flex e-con-boxed e-con e-child\" data-id=\"cec505e\" data-element_type=\"container\">\n\t\t\t\t\t<div class=\"e-con-inner\">\n\t\t\t\t<div class=\"elementor-element elementor-element-d0050b4 elementor-widget elementor-widget-heading\" data-id=\"d0050b4\" data-element_type=\"widget\" data-widget_type=\"heading.default\">\n\t\t\t\t<div class=\"elementor-widget-container\">\n\t\t\t<style>\/*! elementor - v3.22.0 - 17-06-2024 *\/\n.elementor-heading-title{padding:0;margin:0;line-height:1}.elementor-widget-heading .elementor-heading-title[class*=elementor-size-]>a{color:inherit;font-size:inherit;line-height:inherit}.elementor-widget-heading .elementor-heading-title.elementor-size-small{font-size:15px}.elementor-widget-heading .elementor-heading-title.elementor-size-medium{font-size:19px}.elementor-widget-heading .elementor-heading-title.elementor-size-large{font-size:29px}.elementor-widget-heading .elementor-heading-title.elementor-size-xl{font-size:39px}.elementor-widget-heading .elementor-heading-title.elementor-size-xxl{font-size:59px}<\/style><h1 class=\"elementor-heading-title elementor-size-default\">Videos<\/h1>\t\t<\/div>\n\t\t\t\t<\/div>\n\t\t\t\t\t<\/div>\n\t\t\t\t<\/div>\n\t\t\t\t\t<\/div>\n\t\t\t\t<\/div>\n\t\t<div class=\"elementor-element elementor-element-a4dfeb4 e-flex e-con-boxed e-con e-parent\" data-id=\"a4dfeb4\" data-element_type=\"container\">\n\t\t\t\t\t<div class=\"e-con-inner\">\n\t\t<div class=\"elementor-element elementor-element-25a127d e-flex e-con-boxed e-con e-child\" data-id=\"25a127d\" data-element_type=\"container\">\n\t\t\t\t\t<div class=\"e-con-inner\">\n\t\t\t\t<div class=\"elementor-element elementor-element-6fb0bff elementor-widget elementor-widget-video\" data-id=\"6fb0bff\" data-element_type=\"widget\" data-settings=\"{&quot;video_type&quot;:&quot;vimeo&quot;,&quot;yt_privacy&quot;:&quot;yes&quot;}\" data-widget_type=\"video.default\">\n\t\t\t\t<div class=\"elementor-widget-container\">\n\t\t\t<style>\/*! elementor - v3.22.0 - 17-06-2024 *\/\n.elementor-widget-video .elementor-widget-container{overflow:hidden;transform:translateZ(0)}.elementor-widget-video .elementor-wrapper{aspect-ratio:var(--video-aspect-ratio)}.elementor-widget-video .elementor-wrapper iframe,.elementor-widget-video .elementor-wrapper video{height:100%;width:100%;display:flex;border:none;background-color:#000}@supports not (aspect-ratio:1\/1){.elementor-widget-video .elementor-wrapper{position:relative;overflow:hidden;height:0;padding-bottom:calc(100% \/ var(--video-aspect-ratio))}.elementor-widget-video .elementor-wrapper iframe,.elementor-widget-video .elementor-wrapper video{position:absolute;top:0;right:0;bottom:0;left:0}}.elementor-widget-video .elementor-open-inline .elementor-custom-embed-image-overlay{position:absolute;top:0;right:0;bottom:0;left:0;background-size:cover;background-position:50%}.elementor-widget-video .elementor-custom-embed-image-overlay{cursor:pointer;text-align:center}.elementor-widget-video .elementor-custom-embed-image-overlay:hover .elementor-custom-embed-play i{opacity:1}.elementor-widget-video .elementor-custom-embed-image-overlay img{display:block;width:100%;aspect-ratio:var(--video-aspect-ratio);-o-object-fit:cover;object-fit:cover;-o-object-position:center center;object-position:center center}@supports not (aspect-ratio:1\/1){.elementor-widget-video .elementor-custom-embed-image-overlay{position:relative;overflow:hidden;height:0;padding-bottom:calc(100% \/ var(--video-aspect-ratio))}.elementor-widget-video .elementor-custom-embed-image-overlay img{position:absolute;top:0;right:0;bottom:0;left:0}}.elementor-widget-video .e-hosted-video .elementor-video{-o-object-fit:cover;object-fit:cover}.e-con-inner>.elementor-widget-video,.e-con>.elementor-widget-video{width:var(--container-widget-width);--flex-grow:var(--container-widget-flex-grow)}<\/style>\t\t<div class=\"elementor-wrapper elementor-open-inline\">\n\t\t\t<iframe class=\"elementor-video-iframe\" allowfullscreen allow=\"clipboard-write\" title=\"Lecteur vid\u00e9o vimeo\" src=\"https:\/\/player.vimeo.com\/video\/950287977?color&amp;autopause=0&amp;dnt=true&amp;loop=0&amp;muted=0&amp;title=1&amp;portrait=1&amp;byline=1#t=\"><\/iframe>\t\t<\/div>\n\t\t\t\t<\/div>\n\t\t\t\t<\/div>\n\t\t\t\t<div class=\"elementor-element elementor-element-b631c6c elementor-widget elementor-widget-heading\" data-id=\"b631c6c\" data-element_type=\"widget\" data-widget_type=\"heading.default\">\n\t\t\t\t<div class=\"elementor-widget-container\">\n\t\t\t<h3 class=\"elementor-heading-title elementor-size-default\">Terrasse<\/h3>\t\t<\/div>\n\t\t\t\t<\/div>\n\t\t\t\t<div class=\"elementor-element elementor-element-02b2cc2 elementor-widget elementor-widget-text-editor\" data-id=\"02b2cc2\" data-element_type=\"widget\" data-widget_type=\"text-editor.default\">\n\t\t\t\t<div class=\"elementor-widget-container\">\n\t\t\t<style>\/*! elementor - v3.22.0 - 17-06-2024 *\/\n.elementor-widget-text-editor.elementor-drop-cap-view-stacked .elementor-drop-cap{background-color:#69727d;color:#fff}.elementor-widget-text-editor.elementor-drop-cap-view-framed .elementor-drop-cap{color:#69727d;border:3px solid;background-color:transparent}.elementor-widget-text-editor:not(.elementor-drop-cap-view-default) .elementor-drop-cap{margin-top:8px}.elementor-widget-text-editor:not(.elementor-drop-cap-view-default) .elementor-drop-cap-letter{width:1em;height:1em}.elementor-widget-text-editor .elementor-drop-cap{float:left;text-align:center;line-height:1;font-size:50px}.elementor-widget-text-editor .elementor-drop-cap-letter{display:inline-block}<\/style>\t\t\t\t<p>Le syst\u00e8me X-Clip se caract\u00e9rise par sa simplicit\u00e9 et sa facilit\u00e9 d&rsquo;utilisation pour chaque utilisateur et pour chaque projet. <\/p>\n\t\t\t\t\t\t<\/div>\n\t\t\t\t<\/div>\n\t\t\t\t\t<\/div>\n\t\t\t\t<\/div>\n\t\t<div class=\"elementor-element elementor-element-7cf294e e-flex e-con-boxed e-con e-child\" data-id=\"7cf294e\" data-element_type=\"container\">\n\t\t\t\t\t<div class=\"e-con-inner\">\n\t\t\t\t<div class=\"elementor-element elementor-element-e261ab6 elementor-widget elementor-widget-video\" data-id=\"e261ab6\" data-element_type=\"widget\" data-settings=\"{&quot;video_type&quot;:&quot;vimeo&quot;,&quot;yt_privacy&quot;:&quot;yes&quot;}\" data-widget_type=\"video.default\">\n\t\t\t\t<div class=\"elementor-widget-container\">\n\t\t\t\t\t<div class=\"elementor-wrapper elementor-open-inline\">\n\t\t\t<iframe class=\"elementor-video-iframe\" allowfullscreen allow=\"clipboard-write\" title=\"Lecteur vid\u00e9o vimeo\" src=\"https:\/\/player.vimeo.com\/video\/950287920?color&amp;autopause=0&amp;dnt=true&amp;loop=0&amp;muted=0&amp;title=1&amp;portrait=1&amp;byline=1#t=\"><\/iframe>\t\t<\/div>\n\t\t\t\t<\/div>\n\t\t\t\t<\/div>\n\t\t\t\t<div class=\"elementor-element elementor-element-d53c29e elementor-widget elementor-widget-heading\" data-id=\"d53c29e\" data-element_type=\"widget\" data-widget_type=\"heading.default\">\n\t\t\t\t<div class=\"elementor-widget-container\">\n\t\t\t<h3 class=\"elementor-heading-title elementor-size-default\">Bardage<\/h3>\t\t<\/div>\n\t\t\t\t<\/div>\n\t\t\t\t<div class=\"elementor-element elementor-element-ac35413 elementor-widget elementor-widget-text-editor\" data-id=\"ac35413\" data-element_type=\"widget\" data-widget_type=\"text-editor.default\">\n\t\t\t\t<div class=\"elementor-widget-container\">\n\t\t\t\t\t\t\t<p>Le syst\u00e8me X-Clip se caract\u00e9rise par sa simplicit\u00e9 et sa facilit\u00e9 d&rsquo;utilisation pour chaque utilisateur et pour chaque projet. <\/p>\n\t\t\t\t\t\t<\/div>\n\t\t\t\t<\/div>\n\t\t\t\t\t<\/div>\n\t\t\t\t<\/div>\n\t\t<div class=\"elementor-element elementor-element-a1df552 e-flex e-con-boxed e-con e-child\" data-id=\"a1df552\" data-element_type=\"container\">\n\t\t\t\t\t<div class=\"e-con-inner\">\n\t\t\t\t<div class=\"elementor-element elementor-element-2cdb734 elementor-widget elementor-widget-video\" data-id=\"2cdb734\" data-element_type=\"widget\" data-settings=\"{&quot;video_type&quot;:&quot;vimeo&quot;,&quot;yt_privacy&quot;:&quot;yes&quot;}\" data-widget_type=\"video.default\">\n\t\t\t\t<div class=\"elementor-widget-container\">\n\t\t\t\t\t<div class=\"elementor-wrapper elementor-open-inline\">\n\t\t\t<iframe class=\"elementor-video-iframe\" allowfullscreen allow=\"clipboard-write\" title=\"Lecteur vid\u00e9o vimeo\" src=\"https:\/\/player.vimeo.com\/video\/950287956?color&amp;autopause=0&amp;dnt=true&amp;loop=0&amp;muted=0&amp;title=1&amp;portrait=1&amp;byline=1#t=\"><\/iframe>\t\t<\/div>\n\t\t\t\t<\/div>\n\t\t\t\t<\/div>\n\t\t\t\t<div class=\"elementor-element elementor-element-d42216b elementor-widget elementor-widget-heading\" data-id=\"d42216b\" data-element_type=\"widget\" data-widget_type=\"heading.default\">\n\t\t\t\t<div class=\"elementor-widget-container\">\n\t\t\t<h3 class=\"elementor-heading-title elementor-size-default\">Cl\u00f4ture<\/h3>\t\t<\/div>\n\t\t\t\t<\/div>\n\t\t\t\t<div class=\"elementor-element elementor-element-54ff295 elementor-widget elementor-widget-text-editor\" data-id=\"54ff295\" data-element_type=\"widget\" data-widget_type=\"text-editor.default\">\n\t\t\t\t<div class=\"elementor-widget-container\">\n\t\t\t\t\t\t\t<p>Le syst\u00e8me X-Clip se caract\u00e9rise par sa simplicit\u00e9 et sa facilit\u00e9 d&rsquo;utilisation pour chaque utilisateur et pour chaque projet. <\/p>\n\t\t\t\t\t\t<\/div>\n\t\t\t\t<\/div>\n\t\t\t\t\t<\/div>\n\t\t\t\t<\/div>\n\t\t\t\t\t<\/div>\n\t\t\t\t<\/div>\n\t\t<div class=\"elementor-element elementor-element-132491c e-flex e-con-boxed e-con e-parent\" data-id=\"132491c\" data-element_type=\"container\">\n\t\t\t\t\t<div class=\"e-con-inner\">\n\t\t<div class=\"elementor-element elementor-element-bba24e7 e-flex e-con-boxed e-con e-child\" data-id=\"bba24e7\" data-element_type=\"container\">\n\t\t\t\t\t<div class=\"e-con-inner\">\n\t\t\t\t\t<\/div>\n\t\t\t\t<\/div>\n\t\t\t\t\t<\/div>\n\t\t\t\t<\/div>\n\t\t\t\t<\/div>\n\t\t","protected":false},"excerpt":{"rendered":"<p>Videos Terrasse Le syst\u00e8me X-Clip se caract\u00e9rise par sa simplicit\u00e9 et sa facilit\u00e9 d&rsquo;utilisation pour chaque utilisateur et pour chaque projet. Bardage Le syst\u00e8me X-Clip se caract\u00e9rise par sa simplicit\u00e9 et sa facilit\u00e9 d&rsquo;utilisation pour chaque utilisateur et pour chaque projet. Cl\u00f4ture Le syst\u00e8me X-Clip se caract\u00e9rise par sa simplicit\u00e9 et sa facilit\u00e9 d&rsquo;utilisation pour [&hellip;]<\/p>\n","protected":false},"author":1,"featured_media":0,"parent":0,"menu_order":0,"comment_status":"closed","ping_status":"closed","template":"elementor_header_footer","meta":{"_acf_changed":false,"footnotes":""},"acf":[],"yoast_head":"<!-- This site is optimized with the Yoast SEO plugin v22.9 - https:\/\/yoast.com\/wordpress\/plugins\/seo\/ -->\n<title>Videos - X-Clip System<\/title>\n<meta name=\"robots\" content=\"noindex, follow, max-snippet:-1, max-image-preview:large, max-video-preview:-1\" \/>\n<meta property=\"og:locale\" content=\"fr_FR\" \/>\n<meta property=\"og:type\" content=\"article\" \/>\n<meta property=\"og:title\" content=\"Videos - X-Clip System\" \/>\n<meta property=\"og:description\" content=\"Videos Terrasse Le syst\u00e8me X-Clip se caract\u00e9rise par sa simplicit\u00e9 et sa facilit\u00e9 d&rsquo;utilisation pour chaque utilisateur et pour chaque projet. Bardage Le syst\u00e8me X-Clip se caract\u00e9rise par sa simplicit\u00e9 et sa facilit\u00e9 d&rsquo;utilisation pour chaque utilisateur et pour chaque projet. Cl\u00f4ture Le syst\u00e8me X-Clip se caract\u00e9rise par sa simplicit\u00e9 et sa facilit\u00e9 d&rsquo;utilisation pour [&hellip;]\" \/>\n<meta property=\"og:url\" content=\"https:\/\/xclip.mskrdev.com\/fr\/videos\/\" \/>\n<meta property=\"og:site_name\" content=\"X-Clip System\" \/>\n<meta property=\"article:modified_time\" content=\"2024-05-25T20:00:09+00:00\" \/>\n<meta name=\"twitter:card\" content=\"summary_large_image\" \/>\n<meta name=\"twitter:label1\" content=\"Dur\u00e9e de lecture estim\u00e9e\" \/>\n\t<meta name=\"twitter:data1\" content=\"1 minute\" \/>\n<script type=\"application\/ld+json\" class=\"yoast-schema-graph\">{\"@context\":\"https:\/\/schema.org\",\"@graph\":[{\"@type\":\"WebPage\",\"@id\":\"https:\/\/xclip.mskrdev.com\/fr\/videos\/\",\"url\":\"https:\/\/xclip.mskrdev.com\/fr\/videos\/\",\"name\":\"Videos - X-Clip System\",\"isPartOf\":{\"@id\":\"https:\/\/xclip.mskrdev.com\/fr\/#website\"},\"datePublished\":\"2024-03-20T20:53:25+00:00\",\"dateModified\":\"2024-05-25T20:00:09+00:00\",\"breadcrumb\":{\"@id\":\"https:\/\/xclip.mskrdev.com\/fr\/videos\/#breadcrumb\"},\"inLanguage\":\"fr-FR\",\"potentialAction\":[{\"@type\":\"ReadAction\",\"target\":[\"https:\/\/xclip.mskrdev.com\/fr\/videos\/\"]}]},{\"@type\":\"BreadcrumbList\",\"@id\":\"https:\/\/xclip.mskrdev.com\/fr\/videos\/#breadcrumb\",\"itemListElement\":[{\"@type\":\"ListItem\",\"position\":1,\"name\":\"Home\",\"item\":\"https:\/\/xclip.mskrdev.com\/fr\/\"},{\"@type\":\"ListItem\",\"position\":2,\"name\":\"Videos\"}]},{\"@type\":\"WebSite\",\"@id\":\"https:\/\/xclip.mskrdev.com\/fr\/#website\",\"url\":\"https:\/\/xclip.mskrdev.com\/fr\/\",\"name\":\"X-Clip System\",\"description\":\"Klik &amp; Klaar\",\"publisher\":{\"@id\":\"https:\/\/xclip.mskrdev.com\/fr\/#organization\"},\"potentialAction\":[{\"@type\":\"SearchAction\",\"target\":{\"@type\":\"EntryPoint\",\"urlTemplate\":\"https:\/\/xclip.mskrdev.com\/fr\/?s={search_term_string}\"},\"query-input\":\"required name=search_term_string\"}],\"inLanguage\":\"fr-FR\"},{\"@type\":\"Organization\",\"@id\":\"https:\/\/xclip.mskrdev.com\/fr\/#organization\",\"name\":\"X-Clip System\",\"url\":\"https:\/\/xclip.mskrdev.com\/fr\/\",\"logo\":{\"@type\":\"ImageObject\",\"inLanguage\":\"fr-FR\",\"@id\":\"https:\/\/xclip.mskrdev.com\/fr\/#\/schema\/logo\/image\/\",\"url\":\"https:\/\/xclip.mskrdev.com\/wp-content\/uploads\/2023\/12\/x-clip-logo-white.svg\",\"contentUrl\":\"https:\/\/xclip.mskrdev.com\/wp-content\/uploads\/2023\/12\/x-clip-logo-white.svg\",\"width\":353,\"height\":74,\"caption\":\"X-Clip System\"},\"image\":{\"@id\":\"https:\/\/xclip.mskrdev.com\/fr\/#\/schema\/logo\/image\/\"}}]}<\/script>\n<!-- \/ Yoast SEO plugin. -->","yoast_head_json":{"title":"Videos - X-Clip System","robots":{"index":"noindex","follow":"follow","max-snippet":"max-snippet:-1","max-image-preview":"max-image-preview:large","max-video-preview":"max-video-preview:-1"},"og_locale":"fr_FR","og_type":"article","og_title":"Videos - X-Clip System","og_description":"Videos Terrasse Le syst\u00e8me X-Clip se caract\u00e9rise par sa simplicit\u00e9 et sa facilit\u00e9 d&rsquo;utilisation pour chaque utilisateur et pour chaque projet. Bardage Le syst\u00e8me X-Clip se caract\u00e9rise par sa simplicit\u00e9 et sa facilit\u00e9 d&rsquo;utilisation pour chaque utilisateur et pour chaque projet. Cl\u00f4ture Le syst\u00e8me X-Clip se caract\u00e9rise par sa simplicit\u00e9 et sa facilit\u00e9 d&rsquo;utilisation pour [&hellip;]","og_url":"https:\/\/xclip.mskrdev.com\/fr\/videos\/","og_site_name":"X-Clip System","article_modified_time":"2024-05-25T20:00:09+00:00","twitter_card":"summary_large_image","twitter_misc":{"Dur\u00e9e de lecture estim\u00e9e":"1 minute"},"schema":{"@context":"https:\/\/schema.org","@graph":[{"@type":"WebPage","@id":"https:\/\/xclip.mskrdev.com\/fr\/videos\/","url":"https:\/\/xclip.mskrdev.com\/fr\/videos\/","name":"Videos - X-Clip System","isPartOf":{"@id":"https:\/\/xclip.mskrdev.com\/fr\/#website"},"datePublished":"2024-03-20T20:53:25+00:00","dateModified":"2024-05-25T20:00:09+00:00","breadcrumb":{"@id":"https:\/\/xclip.mskrdev.com\/fr\/videos\/#breadcrumb"},"inLanguage":"fr-FR","potentialAction":[{"@type":"ReadAction","target":["https:\/\/xclip.mskrdev.com\/fr\/videos\/"]}]},{"@type":"BreadcrumbList","@id":"https:\/\/xclip.mskrdev.com\/fr\/videos\/#breadcrumb","itemListElement":[{"@type":"ListItem","position":1,"name":"Home","item":"https:\/\/xclip.mskrdev.com\/fr\/"},{"@type":"ListItem","position":2,"name":"Videos"}]},{"@type":"WebSite","@id":"https:\/\/xclip.mskrdev.com\/fr\/#website","url":"https:\/\/xclip.mskrdev.com\/fr\/","name":"X-Clip System","description":"Klik &amp; Klaar","publisher":{"@id":"https:\/\/xclip.mskrdev.com\/fr\/#organization"},"potentialAction":[{"@type":"SearchAction","target":{"@type":"EntryPoint","urlTemplate":"https:\/\/xclip.mskrdev.com\/fr\/?s={search_term_string}"},"query-input":"required name=search_term_string"}],"inLanguage":"fr-FR"},{"@type":"Organization","@id":"https:\/\/xclip.mskrdev.com\/fr\/#organization","name":"X-Clip System","url":"https:\/\/xclip.mskrdev.com\/fr\/","logo":{"@type":"ImageObject","inLanguage":"fr-FR","@id":"https:\/\/xclip.mskrdev.com\/fr\/#\/schema\/logo\/image\/","url":"https:\/\/xclip.mskrdev.com\/wp-content\/uploads\/2023\/12\/x-clip-logo-white.svg","contentUrl":"https:\/\/xclip.mskrdev.com\/wp-content\/uploads\/2023\/12\/x-clip-logo-white.svg","width":353,"height":74,"caption":"X-Clip System"},"image":{"@id":"https:\/\/xclip.mskrdev.com\/fr\/#\/schema\/logo\/image\/"}}]}},"_links":{"self":[{"href":"https:\/\/xclip.mskrdev.com\/fr\/wp-json\/wp\/v2\/pages\/2578"}],"collection":[{"href":"https:\/\/xclip.mskrdev.com\/fr\/wp-json\/wp\/v2\/pages"}],"about":[{"href":"https:\/\/xclip.mskrdev.com\/fr\/wp-json\/wp\/v2\/types\/page"}],"author":[{"embeddable":true,"href":"https:\/\/xclip.mskrdev.com\/fr\/wp-json\/wp\/v2\/users\/1"}],"replies":[{"embeddable":true,"href":"https:\/\/xclip.mskrdev.com\/fr\/wp-json\/wp\/v2\/comments?post=2578"}],"version-history":[{"count":9,"href":"https:\/\/xclip.mskrdev.com\/fr\/wp-json\/wp\/v2\/pages\/2578\/revisions"}],"predecessor-version":[{"id":2593,"href":"https:\/\/xclip.mskrdev.com\/fr\/wp-json\/wp\/v2\/pages\/2578\/revisions\/2593"}],"wp:attachment":[{"href":"https:\/\/xclip.mskrdev.com\/fr\/wp-json\/wp\/v2\/media?parent=2578"}],"curies":[{"name":"wp","href":"https:\/\/api.w.org\/{rel}","templated":true}]}}